{"id":1032,"date":"2024-05-07T02:19:42","date_gmt":"2024-05-07T02:19:42","guid":{"rendered":"http:\/\/fogamico.com.mx\/?page_id=1032"},"modified":"2025-05-02T17:55:31","modified_gmt":"2025-05-02T17:55:31","slug":"ejercicio-2024","status":"publish","type":"page","link":"http:\/\/fogamico.com.mx\/?page_id=1032","title":{"rendered":"EJERCICIO 2024"},"content":{"rendered":"\n<p><a rel=\"noreferrer noopener\" href=\"http:\/\/fogamico.com.mx\/2024\/IAGF_1er_trim.pdf\" target=\"_blank\">-Informe de Avance de Gesti\u00f3n Financiera al PRIMER trimestre.<\/a><\/p>\n\n\n\n<p><a rel=\"noreferrer noopener\" href=\"http:\/\/fogamico.com.mx\/2024\/IAGF_2nd_trim.pdf\" target=\"_blank\">-Informe de Avance de Gesti\u00f3n Financiera al SEGUNDO trimestre.<\/a><\/p>\n\n\n\n<p><a rel=\"noreferrer noopener\" href=\"http:\/\/fogamico.com.mx\/2024\/IAGF_3er_trim.pdf\" data-type=\"URL\" data-id=\"fogamico.com.mx\/2024\/IAGF_3er_trim.pdf\" target=\"_blank\">-Informe de Avance de Gesti\u00f3n Financiera al TERCER trimestre.<\/a><\/p>\n\n\n\n<p><a rel=\"noreferrer noopener\" href=\"http:\/\/fogamico.com.mx\/2024\/IAGF_4to_trim.pdf\" target=\"_blank\">-Informe de Avance de Gesti\u00f3n Financiera al CUARTO trimestre.<\/a><\/p>\n\n\n\n<p><\/p>\n\n\n\n<p><a href=\"http:\/\/fogamico.com.mx\/2025\/Cuenta_pub.pdf\" data-type=\"URL\" data-id=\"fogamico.com.mx\/2025\/Cuenta_pub.pdf\" target=\"_blank\" rel=\"noreferrer noopener\">-CUENTA P\u00daBLICA ANUAL<\/a><\/p>\n","protected":false},"excerpt":{"rendered":"<p>-Informe de Avance de Gesti\u00f3n Financiera al PRIMER trimestre. -Informe de Avance de Gesti\u00f3n Financiera al SEGUNDO trimestre. -Informe de Avance de Gesti\u00f3n Financiera al TERCER trimestre. -Informe de Avance de Gesti\u00f3n Financiera al CUARTO trimestre. -CUENTA P\u00daBLICA ANUAL<\/p>\n","protected":false},"author":1,"featured_media":0,"parent":105,"menu_order":0,"comment_status":"closed","ping_status":"closed","template":"","meta":[],"_links":{"self":[{"href":"http:\/\/fogamico.com.mx\/index.php?rest_route=\/wp\/v2\/pages\/1032"}],"collection":[{"href":"http:\/\/fogamico.com.mx\/index.php?rest_route=\/wp\/v2\/pages"}],"about":[{"href":"http:\/\/fogamico.com.mx\/index.php?rest_route=\/wp\/v2\/types\/page"}],"author":[{"embeddable":true,"href":"http:\/\/fogamico.com.mx\/index.php?rest_route=\/wp\/v2\/users\/1"}],"replies":[{"embeddable":true,"href":"http:\/\/fogamico.com.mx\/index.php?rest_route=%2Fwp%2Fv2%2Fcomments&post=1032"}],"version-history":[{"count":6,"href":"http:\/\/fogamico.com.mx\/index.php?rest_route=\/wp\/v2\/pages\/1032\/revisions"}],"predecessor-version":[{"id":1051,"href":"http:\/\/fogamico.com.mx\/index.php?rest_route=\/wp\/v2\/pages\/1032\/revisions\/1051"}],"up":[{"embeddable":true,"href":"http:\/\/fogamico.com.mx\/index.php?rest_route=\/wp\/v2\/pages\/105"}],"wp:attachment":[{"href":"http:\/\/fogamico.com.mx\/index.php?rest_route=%2Fwp%2Fv2%2Fmedia&parent=1032"}],"curies":[{"name":"wp","href":"https:\/\/api.w.org\/{rel}","templated":true}]}}