{"id":185,"date":"2015-02-26T19:42:18","date_gmt":"2015-02-26T19:42:18","guid":{"rendered":"http:\/\/fogamico.com.mx\/?page_id=185"},"modified":"2015-02-26T19:42:18","modified_gmt":"2015-02-26T19:42:18","slug":"ejercicio-2014","status":"publish","type":"page","link":"http:\/\/fogamico.com.mx\/?page_id=185","title":{"rendered":"EJERCICIO 2014"},"content":{"rendered":"<ul>\n<li><a title=\"Edo. analitico del activo 2014\" href=\"http:\/\/fogamico.com.mx\/ENERO_2015\/2014\/1.pdf\" target=\"_blank\">Estado analitico del Activo.<\/a><\/li>\n<li><a title=\"Edo. del ejercicio ptto admvo.\" href=\"http:\/\/fogamico.com.mx\/ENERO_2015\/2014\/2.pdf\" target=\"_blank\">Estado del ejercicio del ptto. administrativo.<\/a><\/li>\n<li><a title=\"Edo. analitico del ejercicio funcional programatica.\" href=\"http:\/\/fogamico.com.mx\/ENERO_2015\/2014\/3.pdf\" target=\"_blank\">Estado analitico del ejercicio ppto. funcional programatica.<\/a><\/li>\n<li><a title=\"edo. analitico de ingresos.\" href=\"http:\/\/fogamico.com.mx\/ENERO_2015\/2014\/4.pdf\" target=\"_blank\">Estado analitico de ingresos.<\/a><\/li>\n<li><a title=\"Edo. de actividades.\" href=\"http:\/\/fogamico.com.mx\/ENERO_2015\/2014\/5.pdf\" target=\"_blank\">Estado de actividades.<\/a><\/li>\n<li><a title=\"Edo. de cambios en la situaci\u00f3n financiera\" href=\"http:\/\/fogamico.com.mx\/ENERO_2015\/2014\/6.pdf\" target=\"_blank\">Estado de cambios en la situaci\u00f3n financiera.<\/a><\/li>\n<li><a title=\"Edo. de origen y aplicaci\u00f3n de recursos.\" href=\"http:\/\/fogamico.com.mx\/ENERO_2015\/2014\/7.pdf\" target=\"_blank\">Estado de origen y aplicaci\u00f3n de recursos.<\/a><\/li>\n<li><a title=\"Edo. Situaci\u00f3n financiera.\" href=\"http:\/\/fogamico.com.mx\/ENERO_2015\/2014\/8.pdf\" target=\"_blank\">Estado de situaci\u00f3n financiera.<\/a><\/li>\n<li><a title=\"Inf. Program\u00e1tica.\" href=\"http:\/\/fogamico.com.mx\/ENERO_2015\/2014\/9.pdf\" target=\"_blank\">Inf. programatica-gt por categoria\/programatica-proy. de inversion\/indicadores.<\/a><\/li>\n<li><a title=\"Pasivos Contingentes\" href=\"http:\/\/fogamico.com.mx\/ENERO_2015\/2014\/10.pdf\" target=\"_blank\">Pasivos contingentes.<\/a><\/li>\n<li><a title=\"Balanza de comprobaci\u00f3n\" href=\"http:\/\/fogamico.com.mx\/ENERO_2015\/2014\/11.pdf\" target=\"_blank\">Balanza de comprobaci\u00f3n.<\/a><\/li>\n<li><a title=\"Integraci\u00f3n del Patrimonio.\" href=\"http:\/\/fogamico.com.mx\/ENERO_2015\/2014\/ip.xls\" target=\"_blank\">Integraci\u00f3n del patrimonio.<\/a><\/li>\n<\/ul>\n","protected":false},"excerpt":{"rendered":"<p>Estado analitico del Activo. Estado del ejercicio del ptto. administrativo. Estado analitico del ejercicio ppto. funcional programatica. Estado analitico de ingresos. Estado de actividades. Estado de cambios en la situaci\u00f3n financiera. Estado de origen y aplicaci\u00f3n de recursos. Estado de situaci\u00f3n financiera. Inf. programatica-gt por categoria\/programatica-proy. de inversion\/indicadores. Pasivos contingentes. Balanza de comprobaci\u00f3n. Integraci\u00f3n del patrimonio.<\/p>\n","protected":false},"author":1,"featured_media":0,"parent":105,"menu_order":0,"comment_status":"closed","ping_status":"closed","template":"","meta":[],"_links":{"self":[{"href":"http:\/\/fogamico.com.mx\/index.php?rest_route=\/wp\/v2\/pages\/185"}],"collection":[{"href":"http:\/\/fogamico.com.mx\/index.php?rest_route=\/wp\/v2\/pages"}],"about":[{"href":"http:\/\/fogamico.com.mx\/index.php?rest_route=\/wp\/v2\/types\/page"}],"author":[{"embeddable":true,"href":"http:\/\/fogamico.com.mx\/index.php?rest_route=\/wp\/v2\/users\/1"}],"replies":[{"embeddable":true,"href":"http:\/\/fogamico.com.mx\/index.php?rest_route=%2Fwp%2Fv2%2Fcomments&post=185"}],"version-history":[{"count":1,"href":"http:\/\/fogamico.com.mx\/index.php?rest_route=\/wp\/v2\/pages\/185\/revisions"}],"predecessor-version":[{"id":186,"href":"http:\/\/fogamico.com.mx\/index.php?rest_route=\/wp\/v2\/pages\/185\/revisions\/186"}],"up":[{"embeddable":true,"href":"http:\/\/fogamico.com.mx\/index.php?rest_route=\/wp\/v2\/pages\/105"}],"wp:attachment":[{"href":"http:\/\/fogamico.com.mx\/index.php?rest_route=%2Fwp%2Fv2%2Fmedia&parent=185"}],"curies":[{"name":"wp","href":"https:\/\/api.w.org\/{rel}","templated":true}]}}