{"id":213,"date":"2015-07-28T15:13:59","date_gmt":"2015-07-28T15:13:59","guid":{"rendered":"http:\/\/fogamico.com.mx\/?page_id=213"},"modified":"2016-03-16T16:36:43","modified_gmt":"2016-03-16T16:36:43","slug":"programa-de-seguridad","status":"publish","type":"page","link":"http:\/\/fogamico.com.mx\/?page_id=213","title":{"rendered":"Programa de Seguridad"},"content":{"rendered":"<h3 style=\"text-align: center;\"><a href=\"http:\/\/fogamico.com.mx\/wp-content\/uploads\/2015\/07\/cscm.png\" rel=\"attachment wp-att-271\"><img loading=\"lazy\" class=\"size-thumbnail wp-image-271 alignleft\" src=\"http:\/\/fogamico.com.mx\/wp-content\/uploads\/2015\/07\/cscm-150x150.png\" alt=\"cscm\" width=\"150\" height=\"150\" srcset=\"http:\/\/fogamico.com.mx\/wp-content\/uploads\/2015\/07\/cscm-150x150.png 150w, http:\/\/fogamico.com.mx\/wp-content\/uploads\/2015\/07\/cscm-90x90.png 90w, http:\/\/fogamico.com.mx\/wp-content\/uploads\/2015\/07\/cscm-75x75.png 75w\" sizes=\"(max-width: 150px) 100vw, 150px\" \/><\/a><strong>Programa de Seguridad en la Explotaci\u00f3n y Comercializaci\u00f3n del Carb\u00f3n Producido en la Regi\u00f3n Carbon\u00edfera de Coahuila.<\/strong><\/h3>\n<p>Derivado de los contratos de suministro de carb\u00f3n de la PRODEMI con las plantas L\u00f3pez Portillo y Carb\u00f3n II de CFE surge un convenio entre PRODEMI, CFE y FOGAMICO que da origen al Programa de Seguridad en la Explotaci\u00f3n del Carb\u00f3n Producido en la Regi\u00f3n Carbon\u00edfera de Coahuila.<\/p>\n<p>&nbsp;<\/p>\n<p><a href=\"http:\/\/fogamico.com.mx\/wp-content\/uploads\/2015\/07\/CSCM.png\" rel=\"attachment wp-att-274\"><img loading=\"lazy\" class=\"aligncenter wp-image-274 size-full\" title=\"Centrodeseguridadycapacitacionminera\" src=\"http:\/\/fogamico.com.mx\/wp-content\/uploads\/2015\/07\/CSCM.png\" alt=\"Centrodeseguridadycapacitacionminera\" width=\"851\" height=\"299\" srcset=\"http:\/\/fogamico.com.mx\/wp-content\/uploads\/2015\/07\/CSCM.png 851w, http:\/\/fogamico.com.mx\/wp-content\/uploads\/2015\/07\/CSCM-300x105.png 300w, http:\/\/fogamico.com.mx\/wp-content\/uploads\/2015\/07\/CSCM-768x270.png 768w\" sizes=\"(max-width: 851px) 100vw, 851px\" \/><\/a>El Programa de Seguridad en la Explotaci\u00f3n del Carb\u00f3n Producido en la Regi\u00f3n Carbon\u00edfera de Coahuila, esta integrado por tres \u00e1reas:<\/p>\n<p><a href=\"http:\/\/fogamico.com.mx\/wp-content\/uploads\/2015\/07\/INTEGRACION.png\" rel=\"attachment wp-att-275\"><img loading=\"lazy\" class=\"aligncenter wp-image-275 size-full\" title=\"INTEGRACION_CSCM\" src=\"http:\/\/fogamico.com.mx\/wp-content\/uploads\/2015\/07\/INTEGRACION.png\" alt=\"INTEGRACION_CSCM\" width=\"699\" height=\"299\" srcset=\"http:\/\/fogamico.com.mx\/wp-content\/uploads\/2015\/07\/INTEGRACION.png 699w, http:\/\/fogamico.com.mx\/wp-content\/uploads\/2015\/07\/INTEGRACION-300x128.png 300w\" sizes=\"(max-width: 699px) 100vw, 699px\" \/><\/a><\/p>\n<p>&nbsp;<\/p>\n","protected":false},"excerpt":{"rendered":"<p>Programa de Seguridad en la Explotaci\u00f3n y Comercializaci\u00f3n del Carb\u00f3n Producido en la Regi\u00f3n Carbon\u00edfera de Coahuila. Derivado de los contratos de suministro de carb\u00f3n de la PRODEMI con las plantas L\u00f3pez Portillo y Carb\u00f3n II de CFE surge un convenio entre PRODEMI, CFE y FOGAMICO que da origen al Programa de Seguridad en la Explotaci\u00f3n del Carb\u00f3n Producido en<\/p>\n","protected":false},"author":1,"featured_media":0,"parent":0,"menu_order":5,"comment_status":"closed","ping_status":"closed","template":"","meta":[],"_links":{"self":[{"href":"http:\/\/fogamico.com.mx\/index.php?rest_route=\/wp\/v2\/pages\/213"}],"collection":[{"href":"http:\/\/fogamico.com.mx\/index.php?rest_route=\/wp\/v2\/pages"}],"about":[{"href":"http:\/\/fogamico.com.mx\/index.php?rest_route=\/wp\/v2\/types\/page"}],"author":[{"embeddable":true,"href":"http:\/\/fogamico.com.mx\/index.php?rest_route=\/wp\/v2\/users\/1"}],"replies":[{"embeddable":true,"href":"http:\/\/fogamico.com.mx\/index.php?rest_route=%2Fwp%2Fv2%2Fcomments&post=213"}],"version-history":[{"count":17,"href":"http:\/\/fogamico.com.mx\/index.php?rest_route=\/wp\/v2\/pages\/213\/revisions"}],"predecessor-version":[{"id":276,"href":"http:\/\/fogamico.com.mx\/index.php?rest_route=\/wp\/v2\/pages\/213\/revisions\/276"}],"wp:attachment":[{"href":"http:\/\/fogamico.com.mx\/index.php?rest_route=%2Fwp%2Fv2%2Fmedia&parent=213"}],"curies":[{"name":"wp","href":"https:\/\/api.w.org\/{rel}","templated":true}]}}