{"id":362,"date":"2016-05-20T16:23:03","date_gmt":"2016-05-20T16:23:03","guid":{"rendered":"http:\/\/fogamico.com.mx\/?page_id=362"},"modified":"2017-02-17T22:28:25","modified_gmt":"2017-02-17T22:28:25","slug":"ejercicio-2016","status":"publish","type":"page","link":"http:\/\/fogamico.com.mx\/?page_id=362","title":{"rendered":"EJERCICIO 2016"},"content":{"rendered":"<p>Primer Trimestre.<\/p>\n<ul>\n<li><a href=\"http:\/\/fogamico.com.mx\/enero2016\/1erTrim\/INFORME SOBRE PASIVOS CONTINGENTES PRIMER TRIMESTRE 2016.pdf\" target=\"_blank\">Estado Sobre Pasivos Contingentes.<\/a><\/li>\n<li><a href=\"http:\/\/fogamico.com.mx\/enero2016\/1erTrim\/RELACION DE BIENES PRIMER TRIMESTRE 2016.pdf\" target=\"_blank\">Integraci\u00f3n del Patrimonio.<\/a><\/li>\n<li><a href=\"http:\/\/fogamico.com.mx\/enero2016\/1erTrim\/GASTO POR CATEGORIA PROGRAMATICA PRIMER TRIMESTRE 2016.pdf\" target=\"_blank\">Gasto por Categor\u00eda Program\u00e1tica.<\/a><\/li>\n<li><a href=\"http:\/\/fogamico.com.mx\/enero2016\/1erTrim\/BALANZA%20DE COMPROBACION PRIMER TRIMESTRE 2016.pdf\" target=\"_blank\">Balanza de comprobacion.<\/a><\/li>\n<li><a href=\"http:\/\/fogamico.com.mx\/enero2016\/1erTrim\/ESTADO%20ANALITICO DEL ACTIVO PRIMER TRIMESTRE 2016.pdf\" target=\"_blank\">Edo. Analitico del Activo.<\/a><\/li>\n<li><a href=\"http:\/\/fogamico.com.mx\/enero2016\/1erTrim\/ESTADO DE ACTIVIDADES PRIMER TRIMESTRE 2016.pdf\" target=\"_blank\">Estado de Actividades.<\/a><\/li>\n<li><a href=\"http:\/\/fogamico.com.mx\/enero2016\/1erTrim\/ESTADO DE CAMBIO EN LA SITUACION FINANCIERA PRIMER TRIMESTRE 2016.pdf\" target=\"_blank\">Estado de Cambios en la Situaci\u00f3n Financiera.<\/a><\/li>\n<li><a href=\"http:\/\/fogamico.com.mx\/enero2016\/1ertrim\/Estado%20Anal\u00edtico de Ingresos CRI PRIMER TRIMESTRE 2016.pdf\" target=\"_blank\">Estado Anal\u00edtico de Ingresos CRI.<\/a><\/li>\n<li><a href=\"http:\/\/fogamico.com.mx\/enero2016\/1erTrim\/Estado Anal\u00edtico de Ingresos CE PRIMER TRIMESTRE 2016.pdf\" target=\"_blank\">Estado Anal\u00edtico de Ingresos CE.<\/a><\/li>\n<li><a href=\"http:\/\/fogamico.com.mx\/enero2016\/1erTrim\/Estado Anal\u00edtico de Ingresos CFF PRIMER TRIMESTRE 2016.pdf\" target=\"_blank\">Estado Anal\u00edtico de Ingresos CFF.<\/a><\/li>\n<li><a href=\"http:\/\/fogamico.com.mx\/enero2016\/1erTrim\/ESTADO DE SITUACION FINANCIERA PRIMER TRIMESTRE 2016.pdf\" target=\"_blank\">Estado de Situaci\u00f3n Financiera.<\/a><\/li>\n<li><a href=\"http:\/\/fogamico.com.mx\/enero2016\/1erTrim\/ESTADO ANALITICO DE LA DEUDA Y OTROS PASIVOS PRIMER TRIMESTRE 2016.pdf\" target=\"_blank\">Edo. Anaitico de la Deuda y Otros Pasivos.<\/a><\/li>\n<li><a href=\"http:\/\/fogamico.com.mx\/enero2016\/1erTrim\/Estado Anal\u00edtico del Ejercicio del Presupuesto de Egresos CFG-CP PRIMER TRIMESTRE 2016.pdf\" target=\"_blank\">Edo Analitico del Ejercicio del Ppto de Egreso CFG CP.<\/a><\/li>\n<li><a href=\"http:\/\/fogamico.com.mx\/1erTrim\/Estado Anal\u00edtico del Ejercicio del Presupuesto de Egresos COG PRIMER TRIMESTRE 2016.pdf\" target=\"_blank\">Estado Anal\u00edtico del Ejercicio del Ppto de Egresos COG.<\/a><\/li>\n<li><a href=\"http:\/\/fogamico.com.mx\/enero2016\/1erTrim\/Estado Anal\u00edtico del Ejercicio del Presupuesto de Egresos CA PRIMER TRIMESTRE 2016.pdf\" target=\"_blank\">Estado Anal\u00edtico del Ejercicio del Presupuesto de Egresos CA.<\/a><\/li>\n<li><a href=\"http:\/\/fogamico.com.mx\/enero2016\/1erTrim\/ESTADO%20DE FLUJO DE EFECTIVO PRIMER TRIMESTRE 2016.pdf\" target=\"_blank\">Edo. del Flujo de Efectivo.<\/a><\/li>\n<li><a href=\"http:\/\/fogamico.com.mx\/enero2016\/1erTrim\/ESTADO DE VARIACION EN LA HACIENDA PUBLICA PRIMER TRIMESTRE 2016.pdf\" target=\"_blank\">Edo. de Variaci\u00f3n en la Hacienda P\u00fablica.<\/a><\/li>\n<li><a href=\"http:\/\/fogamico.com.mx\/enero2016\/1erTrim\/NOTAS%20A LOS ESTADOS FINANCIEROS.pdf\" target=\"_blank\">Notas a los Edos. Financieros.<\/a><\/li>\n<\/ul>\n<p>Segundo Trimestre.<\/p>\n<p>&nbsp;<\/p>\n<ul>\n<li><a href=\"http:\/\/fogamico.com.mx\/enero2016\/2ndoTrim\/INFORME SOBRE PASIVOS CONTINGENTES SEGUNDO TRIMESTRE 2016.docx\">Estado Sobre Pasivos Contingentes.<\/a><\/li>\n<li><a href=\"http:\/\/fogamico.com.mx\/enero2016\/2ndoTrim\/RELACION DE BIENES SEGUNDO TRIMESTRE 2016.xlsx\">Integraci\u00f3n del Patrimonio.<\/a><\/li>\n<li><a href=\"http:\/\/fogamico.com.mx\/enero2016\/2ndoTrim\/GASTO POR CATEGORIA PROGRAMATICA SEGUNDO TRIMESTRE 2016.pdf\">Gasto por Categor\u00eda Program\u00e1tica.<\/a><\/li>\n<li><a href=\"http:\/\/fogamico.com.mx\/enero2016\/2ndoTrim\/http:\/\/fogamico.com.mx\/enero2016\/2ndoTrim\/BALANZA DE COMPROBACION SEGUNDO TRIMESTRE 2016.xls\">Balanza de comprobacion.<\/a><\/li>\n<li><a href=\"http:\/\/fogamico.com.mx\/enero2016\/2ndoTrim\/ESTADO ANALITICO DEL ACTIVO SEGUNDO TRIMESTRE 2016.xlsx\">Edo. Analitico del Activo.<\/a><\/li>\n<li><a href=\"http:\/\/fogamico.com.mx\/enero2016\/2ndoTrim\/http:\/\/fogamico.com.mx\/enero2016\/2ndoTrim\/ESTADO DE ACTIVIDADES SEGUNDO TRIMESTRE 2016.xlsx\">Estado de Actividades.<\/a><\/li>\n<li><a href=\"http:\/\/fogamico.com.mx\/enero2016\/2ndoTrim\/ESTADO DE CAMBIO EN LA SITUACION FINANCIERA SEGUNDO TRIMESTRE 2016.xlsx\">Estado de Cambios en la Situaci\u00f3n Financiera.<\/a><\/li>\n<li><a href=\"http:\/\/fogamico.com.mx\/enero2016\/2ndoTrim\/ESTADO ANALITICO DE INGRESOS POR RUBRO DE INGRESOS SEGUNDO TRIMESTRE 201.pdf\">Estado Anal\u00edtico de Ingresos CRI.<\/a><\/li>\n<li><a href=\"http:\/\/fogamico.com.mx\/enero2016\/2ndoTrim\/ESTADO ANALITICO DE INGRESOS POR CLASIFICACION ECONOMICA SEGUNDO TRIMESTRE 2016.pdf\">Estado Anal\u00edtico de Ingresos CE.<\/a><\/li>\n<li><a href=\"http:\/\/fogamico.com.mx\/enero2016\/2ndoTrim\/ESTADO ANALITICO DE INGRESOS POR FUENTES DE FINANCIAMIENTO SEGUNDO TRIMESTRE 201.pdf\">Estado Anal\u00edtico de Ingresos CFF.<\/a><\/li>\n<li><a href=\"http:\/\/fogamico.com.mx\/enero2016\/2ndoTrim\/ESTADO DE SITUACION FINANCIERA SEGUNDO TRIMESTRE 2016.xls\">Estado de Situaci\u00f3n Financiera.<\/a><\/li>\n<li><a href=\"http:\/\/fogamico.com.mx\/enero2016\/2ndoTrim\/ESTADO ANALITICO DE LA DEUDA Y OTROS PASIVOS SEGUNDO TRIMESTRE 2016.xlsx\">Edo. Anaitico de la Deuda y Otros Pasivos.<\/a><\/li>\n<li><a href=\"http:\/\/fogamico.com.mx\/enero2016\/2ndoTrim\/ESTADO ANALITICO DE EGRESOS POR CLASIFICACION FUNCIONAL SEGUNDO TRIMESTRE 2016.pdf\">Edo Analitico del Ejercicio del Ppto de Egreso CFG CP.<\/a><\/li>\n<li><a href=\"http:\/\/fogamico.com.mx\/enero2016\/2ndoTrim\/ESTADO ANALITICO DE EGRESOS POR CLASIFICACION POR OBJETO DEL GASTO SEGUNDO TRIMESTRE 201.pdf\">Estado Anal\u00edtico del Ejercicio del Ppto de Egresos COG.<\/a><\/li>\n<li><a href=\"http:\/\/fogamico.com.mx\/enero2016\/2ndoTrim\/ESTADO ANALITICO DE EGRESOS POR CLASIFICACION ADMINISTRATIVA SEGUNDO TRIMESTRE 2016.pdf\">Estado Anal\u00edtico del Ejercicio del Presupuesto de Egresos CA.<\/a><\/li>\n<li><a href=\"http:\/\/fogamico.com.mx\/enero2016\/2ndoTrim\/ESTADO DE FLUJO DE EFECTIVO SEGUNDO TRIMESTRE 2016.xlsx\">Edo. del Flujo de Efectivo.<\/a><\/li>\n<li><a href=\"http:\/\/fogamico.com.mx\/enero2016\/2ndoTrim\/ESTADO DE VARIACION EN LA HACIENDA PUBLICA SEGUNDO TRIMESTRE 2016.xlsx\">Edo. de Variaci\u00f3n en la Hacienda P\u00fablica.<\/a><\/li>\n<li><a href=\"http:\/\/fogamico.com.mx\/enero2016\/2ndoTrim\/NOTAS A LOS ESTADOS FINANCIEROS.docx\">Notas a los Edos. Financieros.<\/a><\/li>\n<\/ul>\n<p>Tercer Trimestre.<\/p>\n<ul>\n<li><a href=\"http:\/\/fogamico.com.mx\/enero2016\/3erTrim\/Avance3trim2016.pdf\">Informaci\u00f3n financiera correspondiente al Tercer Trimestre de 2016. <\/a>(Este archivo contiene toda la informaci\u00f3n del tercer trimestre).<\/li>\n<\/ul>\n<p>Informaci\u00f3n Anual.<\/p>\n<ul>\n<li><a href=\"http:\/\/fogamico.com.mx\/enero2016\/ctapubanual\/1.-EdoSitFinDetalladoLDF2016.pdf\" target=\"_blank\">Estado de Situaci\u00f3n Financiera Detallado LDF.<\/a><\/li>\n<li><a href=\"http:\/\/fogamico.com.mx\/enero2016\/ctapubanual\/2.-InformeAnaliticoDeudaPubyOtrosPasivosLDF2016.pdf\" target=\"_blank\">Estado Anal\u00edtico de la Deuda Publica y Otros Pasivos LDF.<\/a><\/li>\n<li><a href=\"http:\/\/fogamico.com.mx\/enero2016\/ctapubanual\/3.-InformeAnaliticObligacionesDifdeFinanciamLDF2016.pdf\">Informe Anal\u00edtico de Obligaciones por Diferentes Fuentes de Financimiento LDF.<\/a><\/li>\n<li><a href=\"http:\/\/fogamico.com.mx\/enero2016\/ctapubanual\/4. BalancePresupuestarioLDF2016.pdf\">Balance Presupuestario LDF.<\/a><\/li>\n<li><a href=\"http:\/\/fogamico.com.mx\/enero2016\/ctapubanual\/5.EstadoAnaliticodeIngresosDetalladoLDF2016.pdf\">Estado Anal\u00edtico de Ingresos Detallado LDF.<\/a><\/li>\n<li><a href=\"http:\/\/fogamico.com.mx\/enero2016\/ctapubanual\/6.-EstadoAnaliticodelEjerciciodelPresupuestodeEgresosDetalladoLDFCOG.pdf\">Edo Anal\u00edtico del Ejercicio del Presupuesto de Egresos Detallado LDF COG.<\/a><\/li>\n<li><a href=\"http:\/\/fogamico.com.mx\/enero2016\/ctapubanual\/7.-EdoAnalEjerdelPresEgrDetalladoLDFCA.pdf\">Edo Anal\u00edtico del Ejercicio del Presupuesto de Egresos Detallado LDF CA.<\/a><\/li>\n<li><a href=\"http:\/\/fogamico.com.mx\/enero2016\/ctapubanual\/8.- EdoAnaliticoEjerPresEgrDetLDFCF.pdf\">Edo Anal\u00edtico del Ejercicio del Presupuesto de Egresos Detallado LDF CF.<\/a><\/li>\n<li><a href=\"http:\/\/fogamico.com.mx\/enero2016\/ctapubanual\/9.-EdoAnalEjerPresEgrDetLDFCSPC.pdf\">Edo Anal\u00edtico del Ejercicio del Presupuesto de Egresos Detallado LDF CSPC.<\/a><\/li>\n<li><a href=\"http:\/\/fogamico.com.mx\/enero2016\/ctapubanual\/BALANZA DE COMPROBACION 2016.pdf\">Balanza de Comprobaci\u00f3n.<\/a><\/li>\n<li><a href=\"http:\/\/fogamico.com.mx\/enero2016\/ctapubanual\/EdoAnaliticoIngresosCRI2016.pdf\">Estado Anal\u00edtico de Ingresos CRI.<\/a><\/li>\n<li><a href=\"http:\/\/fogamico.com.mx\/enero2016\/ctapubanual\/ENDEUDAMIENTO NETO 2016.pdf\">Endeudamiento Neto.<\/a><\/li>\n<li><a href=\"http:\/\/fogamico.com.mx\/enero2016\/ctapubanual\/Estado Analitico de Ingresos CE 2016.pdf\">Estado Anal\u00edtico de Ingresos CE.<\/a><\/li>\n<li><a href=\"http:\/\/fogamico.com.mx\/enero2016\/ctapubanual\/Estado Analitico de Ingresos CFF 2016.pdf\">Estado Anal\u00edtico de Ingresos CFF.<\/a><\/li>\n<li><a href=\"http:\/\/fogamico.com.mx\/enero2016\/ctapubanual\/ESTADO ANALITICO DE LA DEUDA Y OTROS PASIVOS 2016.pdf\">Estado Anal\u00edtico de la Deuda y Otros Pasivos.<\/a><\/li>\n<li><a href=\"http:\/\/fogamico.com.mx\/enero2016\/ctapubanual\/ESTADO ANALITICO DEL ACTIVO 2016.pdf\">Estado Anal\u00edtico del Activo.<\/a><\/li>\n<li><a href=\"http:\/\/fogamico.com.mx\/enero2016\/ctapubanual\/Estado Analitico del Ejercicio del Presupuesto de Egresos CF 2016.pdf\">Estado Anal\u00edtico del Ejercicio del Presupuesto de Egresos CF.<\/a><\/li>\n<li><a href=\"http:\/\/fogamico.com.mx\/enero2016\/ctapubanual\/Estado Analitico del Ejercicio del Presupuesto de Egresos COG 2016.pdf\">Estado Anal\u00edtico del Ejercicio del Presupuesto de Egresos COG.<\/a><\/li>\n<li><a href=\"http:\/\/fogamico.com.mx\/enero2016\/ctapubanual\/Estado Analitico del Ejercicio del Presupuesto de Egresos CA 2016.pdf\">Estado Anal\u00edtico del Ejercicio del Presupuesto de Egresos CA.<\/a><\/li>\n<li><a href=\"http:\/\/fogamico.com.mx\/enero2016\/ctapubanual\/Estado Analitico del Ejercicio del Presupuesto de Egresos CE 2016.pdf\">Estado Anal\u00edtico del Ejercicio del Presupuesto de Egresos CE<\/a><a href=\"http:\/\/fogamico.com.mx\/enero2016\/ctapubanual\/Estado Analitico del Ejercicio del Presupuesto de Egresos CE 2016.pdf\">.<\/a><\/li>\n<li><a href=\"http:\/\/fogamico.com.mx\/enero2016\/ctapubanual\/ESTADO DE ACTIVIDADES 2016.pdf\">Estado de Actividades.<\/a><\/li>\n<li><a href=\"http:\/\/fogamico.com.mx\/enero2016\/ctapubanual\/ESTADO DE CAMBIO EN LA SITUACION FINANCIERA 2016.pdf\">Estado de Cambio en la Situaci\u00f3n Financiera.<\/a><\/li>\n<li><a href=\"http:\/\/fogamico.com.mx\/enero2016\/ctapubanual\/ESTADO DE FLUJO DE EFECTIVO 2016.pdf\">Estado del Flujo de Efectivo.<\/a><\/li>\n<li><a href=\"http:\/\/fogamico.com.mx\/enero2016\/ctapubanual\/ESTADO DE SITUACION FINANCIERA 2016 PDF.xls.pdf\">Estado de Situaci\u00f3n Financiera.<\/a><\/li>\n<\/ul>\n<p>&nbsp;<\/p>\n<p>&nbsp;<\/p>\n<p>&nbsp;<\/p>\n<p>&nbsp;<\/p>\n<p>&nbsp;<\/p>\n","protected":false},"excerpt":{"rendered":"<p>Primer Trimestre. Estado Sobre Pasivos Contingentes. Integraci\u00f3n del Patrimonio. Gasto por Categor\u00eda Program\u00e1tica. Balanza de comprobacion. Edo. Analitico del Activo. Estado de Actividades. Estado de Cambios en la Situaci\u00f3n Financiera. Estado Anal\u00edtico de Ingresos CRI. Estado Anal\u00edtico de Ingresos CE. Estado Anal\u00edtico de Ingresos CFF. Estado de Situaci\u00f3n Financiera. Edo. Anaitico de la Deuda y Otros Pasivos. Edo Analitico del<\/p>\n","protected":false},"author":1,"featured_media":0,"parent":105,"menu_order":0,"comment_status":"closed","ping_status":"closed","template":"","meta":[],"_links":{"self":[{"href":"http:\/\/fogamico.com.mx\/index.php?rest_route=\/wp\/v2\/pages\/362"}],"collection":[{"href":"http:\/\/fogamico.com.mx\/index.php?rest_route=\/wp\/v2\/pages"}],"about":[{"href":"http:\/\/fogamico.com.mx\/index.php?rest_route=\/wp\/v2\/types\/page"}],"author":[{"embeddable":true,"href":"http:\/\/fogamico.com.mx\/index.php?rest_route=\/wp\/v2\/users\/1"}],"replies":[{"embeddable":true,"href":"http:\/\/fogamico.com.mx\/index.php?rest_route=%2Fwp%2Fv2%2Fcomments&post=362"}],"version-history":[{"count":7,"href":"http:\/\/fogamico.com.mx\/index.php?rest_route=\/wp\/v2\/pages\/362\/revisions"}],"predecessor-version":[{"id":415,"href":"http:\/\/fogamico.com.mx\/index.php?rest_route=\/wp\/v2\/pages\/362\/revisions\/415"}],"up":[{"embeddable":true,"href":"http:\/\/fogamico.com.mx\/index.php?rest_route=\/wp\/v2\/pages\/105"}],"wp:attachment":[{"href":"http:\/\/fogamico.com.mx\/index.php?rest_route=%2Fwp%2Fv2%2Fmedia&parent=362"}],"curies":[{"name":"wp","href":"https:\/\/api.w.org\/{rel}","templated":true}]}}