{"id":850,"date":"2021-09-08T15:57:26","date_gmt":"2021-09-08T15:57:26","guid":{"rendered":"http:\/\/fogamico.com.mx\/?page_id=850"},"modified":"2022-01-28T16:52:12","modified_gmt":"2022-01-28T16:52:12","slug":"transparencia-del-titulo-v-de-la-lgcg-2021","status":"publish","type":"page","link":"http:\/\/fogamico.com.mx\/?page_id=850","title":{"rendered":"TRANSPARENCIA DEL T\u00cdTULO V DE LA LGCG 2021"},"content":{"rendered":"<h5 style=\"text-align: center;\">Transparencia del T\u00edtulo V de la LGCG 2021<\/h5>\n<p style=\"text-align: justify;\">\n<table width=\"690\">\n<tbody>\n<tr style=\"height: 73px;\">\n<td style=\"text-align: center; height: 73px;\" width=\"59\"><strong><span style=\"font-size: 10pt;\">No.<\/span><\/strong><\/td>\n<td style=\"text-align: center; height: 73px;\" width=\"407\"><strong><span style=\"font-size: 10pt;\">Reactivo<\/span><\/strong><\/td>\n<td style=\"text-align: center; height: 73px;\" width=\"209\"><strong><span style=\"font-size: 10pt;\">Fundamento Legal<\/span><\/strong><\/td>\n<td style=\"text-align: center; height: 73px;\" width=\"199\"><strong><span style=\"font-size: 10pt;\">Mecanismo de Verificaci\u00f3n<\/span><\/strong><\/td>\n<td style=\"text-align: center; height: 73px;\" width=\"135\"><strong><span style=\"font-size: 10pt;\">URL<\/span><\/strong><\/td>\n<\/tr>\n<tr style=\"height: 49px;\">\n<td style=\"text-align: center; height: 49px;\" width=\"59\"><span style=\"font-size: 10pt;\">1<\/span><\/td>\n<td style=\"height: 49px; text-align: justify;\" width=\"407\"><span style=\"font-size: 10pt;\">Informaci\u00f3n adicional a la Iniciativa de la Ley de Ingresos (Presupuesto de Ingresos).<\/span><\/td>\n<td style=\"height: 49px; text-align: center;\" width=\"209\"><\/td>\n<td style=\"height: 49px; text-align: center;\" width=\"199\"><span style=\"font-size: 10pt;\">Publicaci\u00f3n en internet.<\/span><\/td>\n<td style=\"height: 49px; text-align: center;\" width=\"135\"><a href=\"http:\/\/fogamico.com.mx\/wp-content\/uploads\/2021\/09\/INFORMACION-ADICIONAL-PPTO-DE-INGRESOS.pdf\" target=\"_blank\" rel=\"noopener noreferrer\"><span style=\"font-size: 10pt;\">Ver archivo<\/span><\/a><\/td>\n<\/tr>\n<tr style=\"height: 49px;\">\n<td style=\"text-align: center; height: 49px;\" width=\"59\"><span style=\"font-size: 10pt;\">2<\/span><\/td>\n<td style=\"height: 49px; text-align: justify;\"><span style=\"font-size: 10pt;\">Informaci\u00f3n adicional del Proyecto del Presupuesto de Egresos.<\/span><\/td>\n<td style=\"height: 49px; text-align: center;\" width=\"209\"><\/td>\n<td style=\"height: 49px; text-align: center;\" width=\"199\"><span style=\"font-size: 10pt;\">Publicaci\u00f3n en internet.<\/span><\/td>\n<td style=\"height: 49px; text-align: center;\" width=\"135\"><a href=\"http:\/\/fogamico.com.mx\/wp-content\/uploads\/2021\/09\/INFORMACION-ADICIONAL-AL-PPTO-DE-EGRESOS-copia.pdf\" target=\"_blank\" rel=\"noopener noreferrer\"><span style=\"font-size: 10pt;\">Ver archivo<\/span><\/a><\/td>\n<\/tr>\n<tr style=\"height: 49px;\">\n<td style=\"text-align: center; height: 49px;\"><span style=\"font-size: 10pt;\">3<\/span><\/td>\n<td style=\"height: 49px; text-align: justify;\" width=\"407\"><span style=\"font-size: 10pt;\">Ley de Ingresos aprobada (Presupuesto de Ingresos).<\/span><\/td>\n<td style=\"height: 49px; text-align: center;\" width=\"209\"><\/td>\n<td style=\"height: 49px; text-align: center;\" width=\"199\"><span style=\"font-size: 10pt;\">Publicaci\u00f3n en internet.<\/span><\/td>\n<td style=\"height: 49px; text-align: center;\" width=\"135\"><a href=\"http:\/\/fogamico.com.mx\/wp-content\/uploads\/2022\/01\/Inf-adicional-de-Ingresos-2021.pdf\" target=\"_blank\" rel=\"noopener\"><span style=\"font-size: 10pt;\">Ver archivo<\/span><\/a><\/td>\n<\/tr>\n<tr style=\"height: 49px;\">\n<td style=\"text-align: center; height: 49px;\" width=\"59\"><span style=\"font-size: 10pt;\">4<\/span><\/td>\n<td style=\"height: 49px; text-align: justify;\" width=\"407\"><span style=\"font-size: 10pt;\">Presupuesto de Egresos Aprobado.<\/span><\/td>\n<td style=\"height: 49px; text-align: center;\" width=\"209\"><\/td>\n<td style=\"height: 49px; text-align: center;\" width=\"199\"><span style=\"font-size: 10pt;\">Publicaci\u00f3n en internet.<\/span><\/td>\n<td style=\"height: 49px; text-align: center;\" width=\"135\"><span style=\"font-size: 10pt;\">Ver archivo<\/span><\/p>\n<p><a href=\"http:\/\/fogamico.com.mx\/wp-content\/uploads\/2021\/09\/APROBADO_PRESUPUESTO-EGRESOS-2021-POR-CAPITULO-FOGAMICO-FIRMAS.pdf\" target=\"_blank\" rel=\"noopener noreferrer\">FOGAMICO<\/a><\/p>\n<p><a href=\"http:\/\/fogamico.com.mx\/wp-content\/uploads\/2021\/09\/APROBADO_PRESUPUESTO-EGRESOS-2021-PROGRAMA-FIRMAS-PORTADA.pdf\" target=\"_blank\" rel=\"noopener noreferrer\">SEGURIDAD<\/a><\/td>\n<\/tr>\n<tr style=\"height: 74px;\">\n<td style=\"text-align: center; height: 74px;\" width=\"59\"><span style=\"font-size: 10pt;\">5<\/span><\/td>\n<td style=\"height: 74px; text-align: justify;\" width=\"407\"><span style=\"font-size: 10pt;\">Documentos de aprobaci\u00f3n de la Ley de Ingresos (Presupuesto de Ingresos)<\/span><\/td>\n<td style=\"height: 74px; text-align: center;\" width=\"209\"><\/td>\n<td style=\"height: 74px; text-align: center;\" width=\"199\"><span style=\"font-size: 10pt;\">Publicaci\u00f3n en internet.<\/span><\/td>\n<td style=\"height: 74px; text-align: center;\" width=\"135\"><span style=\"font-size: 10pt;\">Ver archivo<\/span><\/p>\n<p><a href=\"http:\/\/fogamico.com.mx\/wp-content\/uploads\/2021\/09\/ACTA-94-APROBACION-PRESUPUESTO-2021-FOGAMICO-FIRMAS.pdf\" target=\"_blank\" rel=\"noopener noreferrer\">FOGAMICO<\/a><\/p>\n<p><a href=\"http:\/\/fogamico.com.mx\/wp-content\/uploads\/2021\/09\/ACTA-DE-APROBACI\u00d3N-2021-PROGRAMA.pdf\" target=\"_blank\" rel=\"noopener noreferrer\">SEGURIDAD<\/a><\/td>\n<\/tr>\n<tr style=\"height: 74px;\">\n<td style=\"text-align: center; height: 74px;\"><span style=\"font-size: 10pt;\">6<\/span><\/td>\n<td style=\"height: 74px; text-align: justify;\" width=\"407\"><span style=\"font-size: 10pt;\">Documentos de aprobaci\u00f3n del Presupuesto de Egresos.<\/span><\/td>\n<td style=\"height: 74px; text-align: center;\" width=\"209\"><\/td>\n<td style=\"height: 74px; text-align: center;\" width=\"199\"><span style=\"font-size: 10pt;\">Publicaci\u00f3n en internet.<\/span><\/td>\n<td style=\"height: 74px; text-align: center;\" width=\"135\"><span style=\"font-size: 10pt;\">Ver archivo<\/span><\/p>\n<p><a href=\"http:\/\/fogamico.com.mx\/wp-content\/uploads\/2021\/09\/ACTA-94-APROBACION-PRESUPUESTO-2021-FOGAMICO-FIRMAS-1.pdf\" target=\"_blank\" rel=\"noopener noreferrer\">FOGAMICO<\/a><\/p>\n<p><a href=\"http:\/\/fogamico.com.mx\/wp-content\/uploads\/2021\/09\/ACTA-DE-APROBACI\u00d3N-2021-PROGRAMA-1.pdf\" target=\"_blank\" rel=\"noopener noreferrer\">SEGURIDAD<\/a><\/td>\n<\/tr>\n<tr style=\"height: 99px;\">\n<td style=\"text-align: center; height: 99px;\" width=\"59\"><span style=\"font-size: 10pt;\">7<\/span><\/td>\n<td style=\"height: 99px; text-align: justify;\" width=\"407\"><span style=\"font-size: 10pt;\">Calendario de Ingresos base mensual.<\/span><\/td>\n<td style=\"height: 99px; text-align: center;\" width=\"209\"><\/td>\n<td style=\"height: 99px; text-align: center;\" width=\"199\"><span style=\"font-size: 10pt;\">Publicaci\u00f3n en Internet.<br \/>\n<\/span><\/td>\n<td style=\"height: 99px; text-align: center;\" width=\"135\"><a href=\"http:\/\/fogamico.com.mx\/wp-content\/uploads\/2021\/09\/CALENDARIO-INGRESOS-BASE-MENSUAL_WIDE.pdf\" target=\"_blank\" rel=\"noopener noreferrer\">Ver archivo<\/a><\/td>\n<\/tr>\n<tr style=\"height: 99px;\">\n<td style=\"text-align: center; height: 99px;\" width=\"59\"><span style=\"font-size: 10pt;\">8<\/span><\/td>\n<td style=\"height: 99px; text-align: justify;\" width=\"407\"><span style=\"font-size: 10pt;\">Calendario del Presupuesto de Egresos base mensual.<\/span><\/td>\n<td style=\"height: 99px; text-align: center;\" width=\"209\"><\/td>\n<td style=\"height: 99px; text-align: center;\" width=\"199\"><span style=\"font-size: 10pt;\">Publicaci\u00f3n en Internet.<\/span><\/td>\n<td style=\"height: 99px; text-align: center;\" width=\"135\"><a href=\"http:\/\/fogamico.com.mx\/wp-content\/uploads\/2021\/09\/CALENDARIO-DE-EGRESOS-BASE-MENSUAL_WIDE.pdf\" target=\"_blank\" rel=\"noopener noreferrer\">Ver archivo<\/a><\/td>\n<\/tr>\n<\/tbody>\n<\/table>\n","protected":false},"excerpt":{"rendered":"<p>Transparencia del T\u00edtulo V de la LGCG 2021 No. Reactivo Fundamento Legal Mecanismo de Verificaci\u00f3n URL 1 Informaci\u00f3n adicional a la Iniciativa de la Ley de Ingresos (Presupuesto de Ingresos). Publicaci\u00f3n en internet. Ver archivo 2 Informaci\u00f3n adicional del Proyecto del Presupuesto de Egresos. Publicaci\u00f3n en internet. Ver archivo 3 Ley de Ingresos aprobada (Presupuesto de Ingresos). Publicaci\u00f3n en internet.<\/p>\n","protected":false},"author":1,"featured_media":0,"parent":5,"menu_order":0,"comment_status":"closed","ping_status":"closed","template":"","meta":[],"_links":{"self":[{"href":"http:\/\/fogamico.com.mx\/index.php?rest_route=\/wp\/v2\/pages\/850"}],"collection":[{"href":"http:\/\/fogamico.com.mx\/index.php?rest_route=\/wp\/v2\/pages"}],"about":[{"href":"http:\/\/fogamico.com.mx\/index.php?rest_route=\/wp\/v2\/types\/page"}],"author":[{"embeddable":true,"href":"http:\/\/fogamico.com.mx\/index.php?rest_route=\/wp\/v2\/users\/1"}],"replies":[{"embeddable":true,"href":"http:\/\/fogamico.com.mx\/index.php?rest_route=%2Fwp%2Fv2%2Fcomments&post=850"}],"version-history":[{"count":7,"href":"http:\/\/fogamico.com.mx\/index.php?rest_route=\/wp\/v2\/pages\/850\/revisions"}],"predecessor-version":[{"id":875,"href":"http:\/\/fogamico.com.mx\/index.php?rest_route=\/wp\/v2\/pages\/850\/revisions\/875"}],"up":[{"embeddable":true,"href":"http:\/\/fogamico.com.mx\/index.php?rest_route=\/wp\/v2\/pages\/5"}],"wp:attachment":[{"href":"http:\/\/fogamico.com.mx\/index.php?rest_route=%2Fwp%2Fv2%2Fmedia&parent=850"}],"curies":[{"name":"wp","href":"https:\/\/api.w.org\/{rel}","templated":true}]}}