{"id":960,"date":"2023-08-11T16:30:34","date_gmt":"2023-08-11T16:30:34","guid":{"rendered":"http:\/\/fogamico.com.mx\/?page_id=960"},"modified":"2025-05-09T16:08:59","modified_gmt":"2025-05-09T16:08:59","slug":"marco-normativo","status":"publish","type":"page","link":"http:\/\/fogamico.com.mx\/?page_id=960","title":{"rendered":"Marco Normativo"},"content":{"rendered":"\n<ul><li><a rel=\"noreferrer noopener\" href=\"http:\/\/fogamico.com.mx\/Transparencia\/Manuales2025\/CODIGO DE CONDUCTA FOGAMICO 2025.pdf\" data-type=\"page\" target=\"_blank\">C\u00d3DIGO DE CONDUCTA FOGAMICO 2025<\/a><\/li><li><a rel=\"noreferrer noopener\" href=\"http:\/\/fogamico.com.mx\/Transparencia\/Manuales2025\/CODIGO DE ETICA FOGAMICO 2025.pdf\" target=\"_blank\">C\u00d3DIGO DE \u00c9TICA FOGAMICO 2025<\/a><\/li><li><a rel=\"noreferrer noopener\" href=\"http:\/\/fogamico.com.mx\/Transparencia\/Manuales2025\/CONDICIONES GENERALES DE TRABAJO FOGAMICO 2025.pdf\" target=\"_blank\">CONDICIONES GENERALES DE TRABAJO FOGAMICO 2025<\/a><\/li><li><a rel=\"noreferrer noopener\" href=\"http:\/\/fogamico.com.mx\/Transparencia\/Manuales2025\/MANUAL DE OPERACION PROG DE SEGURIDAD 2025.pdf\" target=\"_blank\">MANUAL DE OPERACI\u00d3N PROG DE SEGURIDAD 2025<\/a><\/li><li><a rel=\"noreferrer noopener\" href=\"http:\/\/fogamico.com.mx\/Transparencia\/Manuales2025\/MANUAL DE ORGANIZACION FOGAMICO 2025.pdf\" target=\"_blank\">MANUAL DE ORGANIZACI\u00d3N FOGAMICO 2025<\/a><\/li><li><a rel=\"noreferrer noopener\" href=\"http:\/\/fogamico.com.mx\/Transparencia\/Manuales2023\/MANUAL PARA EL CONTROL DE CALIDAD DE SUMINISTROS 2023.pdf\" target=\"_blank\">MANUAL PARA EL CONTROL DE CALIDAD DE SUMINISTROS 2025<\/a><\/li><li><a rel=\"noreferrer noopener\" href=\"http:\/\/fogamico.com.mx\/Transparencia\/Manuales2023\/MANUAL PARA EL PROCEDIMIENTO DE VIATICOS 2023.pdf\" target=\"_blank\">MANUAL PARA EL PROCEDIMIENTO DE VI\u00c1TICOS 2025<\/a><\/li><li><a rel=\"noreferrer noopener\" href=\"http:\/\/fogamico.com.mx\/Transparencia\/Manuales2025\/PROGRAMA ANUAL DE ADQUISICIONES FOGAMICO 2025.pdf\" target=\"_blank\">PROGRAMA ANUAL DE ADQUISICIONES FOGAMICO 2025<\/a><\/li><li><a href=\"http:\/\/fogamico.com.mx\/Transparencia\/Manuales2025\/PROGRAMA ANUAL DE EVALUACION 2025.pdf\" target=\"_blank\" rel=\"noreferrer noopener\">PROGRAMA ANUAL DE EVALUACI\u00d3N 2025<\/a><\/li><li><a href=\"https:\/\/fogamico.com.mx\/Transparencia\/Manuales2025\/PROGRAMA GENERAL DE AUSTERIDAD Y AHORRO 2025.pdf\" data-type=\"URL\" target=\"_blank\" rel=\"noreferrer noopener\">PROGRAMA GENERAL DE AUSTERIDAD Y AHORRO 2025<\/a><\/li><li><a rel=\"noreferrer noopener\" href=\"http:\/\/fogamico.com.mx\/Transparencia\/Manuales2023\/PROGRAMA OPERATIVO ANUAL CSCM 2023.pdf\" target=\"_blank\">PROGRAMA OPERATIVO ANUAL CSCM 2023<\/a><\/li><li><a rel=\"noreferrer noopener\" href=\"http:\/\/fogamico.com.mx\/Transparencia\/Manuales2025\/PROGRAMA OPERATIVO ANUAL FOGAMICO 2025.pdf\" target=\"_blank\">PROGRAMA OPERATIVO ANUAL FOGAMICO 2025<\/a><\/li><li><a rel=\"noreferrer noopener\" href=\"http:\/\/fogamico.com.mx\/Transparencia\/Manuales2025\/REGLAMENTO INTERIOR DE TRABAJO FOGAMICO 2025.pdf\" target=\"_blank\">REGLAMENTO INTERIOR DE TRABAJO FOGAMICO 2025<\/a><\/li><li><a rel=\"noreferrer noopener\" href=\"http:\/\/fogamico.com.mx\/Transparencia\/Comites2025\/COMITE DE CONTROL Y DESEMPENO INSTITUCIONAL 2025.pdf\" target=\"_blank\">COMIT\u00c9 DE CONTROL Y DESEMPE\u00d1O INSTITUCIONAL 2025<\/a><\/li><li><a href=\"http:\/\/fogamico.com.mx\/Transparencia\/Comites2025\/COMITE DE ETICA E INTEGRIDAD 2025.pdf\" target=\"_blank\" rel=\"noreferrer noopener\">COMIT\u00c9 DE \u00c9TICA E INTEGRIDAD 2025<\/a><\/li><li><a rel=\"noreferrer noopener\" href=\"http:\/\/fogamico.com.mx\/Transparencia\/Comites2025\/COMITE INTERNO DE AUSTERIDAD Y AHORRO 2025.pdf\" target=\"_blank\">COMIT\u00c9 INTERNO DE AUSTERIDAD Y AHORRO 2025<\/a><\/li><li><a href=\"http:\/\/fogamico.com.mx\/Transparencia\/Comites2025\/SUBCOMITE DE ADQUISICIONES 2025.pdf\" target=\"_blank\" rel=\"noreferrer noopener\">SUBCOMIT\u00c9 DE ADQUISICIONES 2025<\/a><\/li><li><a rel=\"noreferrer noopener\" href=\"http:\/\/fogamico.com.mx\/Transparencia\/Comites2025\/UNIDAD ESPECIALIZADA DE CONTROL INTERNO 2025.pdf\" target=\"_blank\">UNIDAD ESPECIALIZADA DE CONTROL INTERNO 2025<\/a><\/li><\/ul>\n\n\n\n<p><\/p>\n","protected":false},"excerpt":{"rendered":"<p>C\u00d3DIGO DE CONDUCTA FOGAMICO 2025 C\u00d3DIGO DE \u00c9TICA FOGAMICO 2025 CONDICIONES GENERALES DE TRABAJO FOGAMICO 2025 MANUAL DE OPERACI\u00d3N PROG DE SEGURIDAD 2025 MANUAL DE ORGANIZACI\u00d3N FOGAMICO 2025 MANUAL PARA EL CONTROL DE CALIDAD DE SUMINISTROS 2025 MANUAL PARA EL PROCEDIMIENTO DE VI\u00c1TICOS 2025 PROGRAMA ANUAL DE ADQUISICIONES FOGAMICO 2025 PROGRAMA ANUAL DE EVALUACI\u00d3N 2025 PROGRAMA GENERAL DE AUSTERIDAD Y<\/p>\n","protected":false},"author":1,"featured_media":0,"parent":5,"menu_order":0,"comment_status":"closed","ping_status":"closed","template":"","meta":[],"_links":{"self":[{"href":"http:\/\/fogamico.com.mx\/index.php?rest_route=\/wp\/v2\/pages\/960"}],"collection":[{"href":"http:\/\/fogamico.com.mx\/index.php?rest_route=\/wp\/v2\/pages"}],"about":[{"href":"http:\/\/fogamico.com.mx\/index.php?rest_route=\/wp\/v2\/types\/page"}],"author":[{"embeddable":true,"href":"http:\/\/fogamico.com.mx\/index.php?rest_route=\/wp\/v2\/users\/1"}],"replies":[{"embeddable":true,"href":"http:\/\/fogamico.com.mx\/index.php?rest_route=%2Fwp%2Fv2%2Fcomments&post=960"}],"version-history":[{"count":30,"href":"http:\/\/fogamico.com.mx\/index.php?rest_route=\/wp\/v2\/pages\/960\/revisions"}],"predecessor-version":[{"id":1060,"href":"http:\/\/fogamico.com.mx\/index.php?rest_route=\/wp\/v2\/pages\/960\/revisions\/1060"}],"up":[{"embeddable":true,"href":"http:\/\/fogamico.com.mx\/index.php?rest_route=\/wp\/v2\/pages\/5"}],"wp:attachment":[{"href":"http:\/\/fogamico.com.mx\/index.php?rest_route=%2Fwp%2Fv2%2Fmedia&parent=960"}],"curies":[{"name":"wp","href":"https:\/\/api.w.org\/{rel}","templated":true}]}}