{"id":97,"date":"2014-10-30T20:07:27","date_gmt":"2014-10-30T20:07:27","guid":{"rendered":"http:\/\/fogamico.com.mx\/?page_id=97"},"modified":"2023-08-11T20:52:20","modified_gmt":"2023-08-11T20:52:20","slug":"directorio-de-servidores-publicos-cscm","status":"publish","type":"page","link":"http:\/\/fogamico.com.mx\/?page_id=97","title":{"rendered":"Directorio de Servidores P\u00fablicos CSCM"},"content":{"rendered":"<table>\n<tbody>\n<tr>\n<td rowspan=\"5\" width=\"150\"><a href=\"http:\/\/fogamico.com.mx\/wp-content\/uploads\/2014\/10\/IMG_1085.jpg\"><img loading=\"lazy\" class=\"alignnone size-thumbnail wp-image-232\" src=\"http:\/\/fogamico.com.mx\/wp-content\/uploads\/2014\/10\/IMG_1085-150x150.jpg\" alt=\"RPF\" width=\"150\" height=\"150\" srcset=\"http:\/\/fogamico.com.mx\/wp-content\/uploads\/2014\/10\/IMG_1085-150x150.jpg 150w, http:\/\/fogamico.com.mx\/wp-content\/uploads\/2014\/10\/IMG_1085-90x90.jpg 90w, http:\/\/fogamico.com.mx\/wp-content\/uploads\/2014\/10\/IMG_1085-75x75.jpg 75w\" sizes=\"(max-width: 150px) 100vw, 150px\" \/><\/a><\/td>\n<td style=\"text-align: right;\">Nombre:<\/td>\n<td>Raul P\u00e9rez Fern\u00e1ndez<\/td>\n<\/tr>\n<tr>\n<td style=\"text-align: right;\">Direcci\u00f3n:<\/td>\n<td>Pte. Ju\u00e1rez #1004, Prol. Progreso, Nva. Rosita, Coahuila.<\/td>\n<\/tr>\n<tr>\n<td style=\"text-align: right;\">Tel\u00e9fono:<\/td>\n<td><span style=\"text-align: left;\">01 (861) 688-01-72<br \/>\n<\/span><\/td>\n<\/tr>\n<tr>\n<td style=\"text-align: right;\">Cargo:<\/td>\n<td style=\"text-align: left;\">Auxiliar Administrativo (Administraci\u00f3n)<\/td>\n<\/tr>\n<tr>\n<td style=\"text-align: right;\">Nivel:<\/td>\n<td>AD02<\/td>\n<\/tr>\n<\/tbody>\n<\/table>\n<p style=\"text-align: center;\"><strong>Personal por honorarios Coordinadores de Departamentos.<\/strong><\/p>\n<table>\n<tbody>\n<tr>\n<td rowspan=\"5\" width=\"150\">\u00a0<a href=\"http:\/\/fogamico.com.mx\/wp-content\/uploads\/2014\/10\/jjmc.jpg\"><img loading=\"lazy\" class=\"alignnone size-thumbnail wp-image-161\" src=\"http:\/\/fogamico.com.mx\/wp-content\/uploads\/2014\/10\/jjmc-150x150.jpg\" alt=\"jjmc\" width=\"150\" height=\"150\" srcset=\"http:\/\/fogamico.com.mx\/wp-content\/uploads\/2014\/10\/jjmc-150x150.jpg 150w, http:\/\/fogamico.com.mx\/wp-content\/uploads\/2014\/10\/jjmc-90x90.jpg 90w, http:\/\/fogamico.com.mx\/wp-content\/uploads\/2014\/10\/jjmc-75x75.jpg 75w\" sizes=\"(max-width: 150px) 100vw, 150px\" \/><\/a><\/td>\n<td style=\"text-align: right;\">Nombre:<\/td>\n<td style=\"text-align: left;\">Ing. Jos\u00e9 Juan Mucio Chac\u00f3n.<\/td>\n<\/tr>\n<tr>\n<td style=\"text-align: right;\">Direcci\u00f3n:<\/td>\n<td style=\"text-align: left;\">Pte. Ju\u00e1rez #1004, Prol. Progreso, Nva. Rosita, Coahuila.<\/td>\n<\/tr>\n<tr>\n<td style=\"text-align: right;\">Tel\u00e9fono:<\/td>\n<td style=\"text-align: left;\">01 (861) 688-01-72 \/\/ 044861 108 49 35<\/td>\n<\/tr>\n<tr>\n<td style=\"text-align: right;\">Cargo:<\/td>\n<td style=\"text-align: left;\">Coord. de Capacitaci\u00f3n<\/td>\n<\/tr>\n<tr>\n<td style=\"text-align: right;\">Nivel:<\/td>\n<td style=\"text-align: left;\">MM04<\/td>\n<\/tr>\n<\/tbody>\n<\/table>\n","protected":false},"excerpt":{"rendered":"<p>Nombre: Raul P\u00e9rez Fern\u00e1ndez Direcci\u00f3n: Pte. Ju\u00e1rez #1004, Prol. Progreso, Nva. Rosita, Coahuila. Tel\u00e9fono: 01 (861) 688-01-72 Cargo: Auxiliar Administrativo (Administraci\u00f3n) Nivel: AD02 Personal por honorarios Coordinadores de Departamentos. \u00a0 Nombre: Ing. Jos\u00e9 Juan Mucio Chac\u00f3n. Direcci\u00f3n: Pte. Ju\u00e1rez #1004, Prol. Progreso, Nva. Rosita, Coahuila. Tel\u00e9fono: 01 (861) 688-01-72 \/\/ 044861 108 49 35 Cargo: Coord. de Capacitaci\u00f3n Nivel: MM04<\/p>\n","protected":false},"author":1,"featured_media":0,"parent":5,"menu_order":0,"comment_status":"open","ping_status":"open","template":"","meta":[],"_links":{"self":[{"href":"http:\/\/fogamico.com.mx\/index.php?rest_route=\/wp\/v2\/pages\/97"}],"collection":[{"href":"http:\/\/fogamico.com.mx\/index.php?rest_route=\/wp\/v2\/pages"}],"about":[{"href":"http:\/\/fogamico.com.mx\/index.php?rest_route=\/wp\/v2\/types\/page"}],"author":[{"embeddable":true,"href":"http:\/\/fogamico.com.mx\/index.php?rest_route=\/wp\/v2\/users\/1"}],"replies":[{"embeddable":true,"href":"http:\/\/fogamico.com.mx\/index.php?rest_route=%2Fwp%2Fv2%2Fcomments&post=97"}],"version-history":[{"count":13,"href":"http:\/\/fogamico.com.mx\/index.php?rest_route=\/wp\/v2\/pages\/97\/revisions"}],"predecessor-version":[{"id":1000,"href":"http:\/\/fogamico.com.mx\/index.php?rest_route=\/wp\/v2\/pages\/97\/revisions\/1000"}],"up":[{"embeddable":true,"href":"http:\/\/fogamico.com.mx\/index.php?rest_route=\/wp\/v2\/pages\/5"}],"wp:attachment":[{"href":"http:\/\/fogamico.com.mx\/index.php?rest_route=%2Fwp%2Fv2%2Fmedia&parent=97"}],"curies":[{"name":"wp","href":"https:\/\/api.w.org\/{rel}","templated":true}]}}